{"id":4,"date":"2023-01-11T11:11:20","date_gmt":"2023-01-11T11:11:20","guid":{"rendered":"https:\/\/valenceconsulting.se\/?page_id=4"},"modified":"2023-01-11T11:16:47","modified_gmt":"2023-01-11T11:16:47","slug":"4-2","status":"publish","type":"page","link":"https:\/\/valenceconsulting.se\/","title":{"rendered":"Hem"},"content":{"rendered":"<p>[et_pb_section fb_built=&#8221;1&#8243; theme_builder_area=&#8221;post_content&#8221; _builder_version=&#8221;4.19.2&#8243; _module_preset=&#8221;default&#8221;][et_pb_row _builder_version=&#8221;4.19.2&#8243; _module_preset=&#8221;default&#8221; theme_builder_area=&#8221;post_content&#8221;][et_pb_column _builder_version=&#8221;4.19.2&#8243; _module_preset=&#8221;default&#8221; type=&#8221;4_4&#8243; theme_builder_area=&#8221;post_content&#8221;][et_pb_text _builder_version=&#8221;4.19.2&#8243; _module_preset=&#8221;default&#8221; theme_builder_area=&#8221;post_content&#8221; hover_enabled=&#8221;0&#8243; sticky_enabled=&#8221;0&#8243; text_font=&#8221;||||||||&#8221; text_orientation=&#8221;center&#8221;]<\/p>\n<h1>Ny Hemsida Under Uppbyggnad.<\/h1>\n<p>[\/et_pb_text][et_pb_text _builder_version=&#8221;4.19.2&#8243; _module_preset=&#8221;default&#8221; theme_builder_area=&#8221;post_content&#8221; hover_enabled=&#8221;0&#8243; sticky_enabled=&#8221;0&#8243; text_orientation=&#8221;center&#8221;]<\/p>\n<p>\u201dDo not nurture people \u2013 nurture their primary task \u2013 then you nurture people\u201d\u00a0 ( Isabel Menzies Lyth )<\/p>\n<p>&nbsp;<\/p>\n<p>Valence Consulting AB har som huvuduppgift att bidra till samh\u00e4llsnytta genom att bist\u00e5 till \u00e4ndam\u00e5lsenligt arbete i privata, offentliga och ideella organisationer.<\/p>\n<p>Vi arbetar med de fr\u00e5gest\u00e4llningar som uppdragsgivarna formulerar och som \u00e4r aktuella, relevanta och autentiska i deras arbetsvardag. V\u00e5ra insatser \u201dskr\u00e4ddarsys\u201d efter de branschspecifika fr\u00e5gor som pr\u00e4glar olika verksamheter.<\/p>\n<p>V\u00e5rt bidrag \u00e4r generellt sett att bidra till organisations -psykologisk belysning av vad som fr\u00e4mjar\/h\u00e4mmar uppgiftsinriktat arbete i olika arbetssituationer. Detta sker genom t.ex. genom:<\/p>\n<p>&#8211; tillskott av anv\u00e4ndbara teoretiska begrepp som kan f\u00f6rdjupa f\u00f6rst\u00e5elsen av vad som f\u00f6rsigg\u00e5r.<\/p>\n<p>-genom v\u00e5r breda och djupa erfarenhet tolka ocks\u00e5 till synes irrationella skeendens inneb\u00f6rd och mening.<\/p>\n<p>-samarbeta kring probleml\u00f6sning och utveckling.<\/p>\n<p>\u201dDo not nurture people \u2026..\u201d betyder att vi fokuserar p\u00e5 arbetsrelationer mellan befattningshavare i deras yrkesut\u00f6vning snarare \u00e4n p\u00e5 personrelationer.<\/p>\n<p>V\u00e5rt motto \u00e4r: \u201dAllvar \u00e4r roligt!<\/p>\n<p>[\/et_pb_text][\/et_pb_column][\/et_pb_row][\/et_pb_section]<\/p>\n","protected":false},"excerpt":{"rendered":"<p>Ny Hemsida Under Uppbyggnad.\u201dDo not nurture people \u2013 nurture their primary task \u2013 then you nurture people\u201d\u00a0 ( Isabel Menzies Lyth ) &nbsp; Valence Consulting AB har som huvuduppgift att bidra till samh\u00e4llsnytta genom att bist\u00e5 till \u00e4ndam\u00e5lsenligt arbete i privata, offentliga och ideella organisationer. Vi arbetar med de fr\u00e5gest\u00e4llningar som uppdragsgivarna formulerar och som [&hellip;]<\/p>\n","protected":false},"author":2,"featured_media":0,"parent":0,"menu_order":0,"comment_status":"closed","ping_status":"closed","template":"","meta":{"_et_pb_use_builder":"on","_et_pb_old_content":"","_et_gb_content_width":"","footnotes":""},"class_list":["post-4","page","type-page","status-publish","hentry"],"_links":{"self":[{"href":"https:\/\/valenceconsulting.se\/index.php?rest_route=\/wp\/v2\/pages\/4","targetHints":{"allow":["GET"]}}],"collection":[{"href":"https:\/\/valenceconsulting.se\/index.php?rest_route=\/wp\/v2\/pages"}],"about":[{"href":"https:\/\/valenceconsulting.se\/index.php?rest_route=\/wp\/v2\/types\/page"}],"author":[{"embeddable":true,"href":"https:\/\/valenceconsulting.se\/index.php?rest_route=\/wp\/v2\/users\/2"}],"replies":[{"embeddable":true,"href":"https:\/\/valenceconsulting.se\/index.php?rest_route=%2Fwp%2Fv2%2Fcomments&post=4"}],"version-history":[{"count":3,"href":"https:\/\/valenceconsulting.se\/index.php?rest_route=\/wp\/v2\/pages\/4\/revisions"}],"predecessor-version":[{"id":22,"href":"https:\/\/valenceconsulting.se\/index.php?rest_route=\/wp\/v2\/pages\/4\/revisions\/22"}],"wp:attachment":[{"href":"https:\/\/valenceconsulting.se\/index.php?rest_route=%2Fwp%2Fv2%2Fmedia&parent=4"}],"curies":[{"name":"wp","href":"https:\/\/api.w.org\/{rel}","templated":true}]}}